{"id":240,"date":"2025-02-10T11:33:39","date_gmt":"2025-02-10T16:33:39","guid":{"rendered":"https:\/\/gatineaugolf.machinedev.ca\/homepage-3\/"},"modified":"2025-10-28T16:23:17","modified_gmt":"2025-10-28T20:23:17","slug":"homepage-3","status":"publish","type":"page","link":"https:\/\/www.gatineaugolf.com\/fr\/","title":{"rendered":"Page d&rsquo;accueil"},"content":{"rendered":"\n<section class=\"section section--impact-area alignfull\" >\n  <div class=\"impact-overlay\"><\/div>\n      <div class=\"impact-video-bg\">\n      <video muted autoplay loop poster=\"https:\/\/www.gatineaugolf.com\/wp-content\/uploads\/2025\/02\/pexels-pixabay-164250-1920x1280.jpg\">\n        <source src=\"https:\/\/www.gatineaugolf.com\/wp-content\/uploads\/2025\/07\/homeannervideo-v2.mp4\" type=\"video\/mp4\">\n      <\/video>\n    <\/div>\n    <div class=\"impact-intro\">\n    <div class=\"grid-container\">\n      <div class=\"grid-x grid-padding-x\">\n        <div class=\"cell text-center reveal-stagger\">\n          <h1>Fermeture le 2 novembre pour la saison.<\/h1>\n          <p>R\u00e9servez votre heure de d\u00e9part, votre \u00e9v\u00e9nement ou votre tournoi d\u00e8s aujourd&rsquo;hui&nbsp;! Pour les derni\u00e8res nouvelles, visitez notre site Web ou notre page Facebook.<\/p>\n          <div class=\"button-group\">\n                    \t<a class=\"button\" href=\"https:\/\/vtgolf.ca\/User\/Login?StoreID=5716\" target=\"_self\">R\u00e9servez une heure de d\u00e9part<img decoding=\"async\" src=\"https:\/\/www.gatineaugolf.com\/wp-content\/themes\/gatineaugolf\/img\/button-arrow.svg\"><\/a>\n                              <\/div>\n        <\/div>\n      <\/div>\n    <\/div>\n  <\/div>\n<\/section>\n\n\n\n<section class=\"section section--callouts alignfull\" >\n  <div class=\"grid-container callout-titles\">\n    <h2>Am\u00e9liorez votre exp\u00e9rience de jeu<\/h2>\n    <p>R\u00e9servez votre heure de d\u00e9part, votre \u00e9v\u00e9nement ou votre tournoi d\u00e8s aujourd&rsquo;hui&nbsp;! Pour les derni\u00e8res nouvelles, visitez notre site Web ou notre page Facebook.<\/p>\n  <\/div>\n  <div class=\"grid-container\">\n            <div class=\"grid-x grid-padding-x align-center callouts-grid\">\n                      <div class=\"cell medium-6 large-3 reveal-stagger\">\n                <div class=\"callout-inner\">\n                                  \t<a class=\"callout-link\" href=\"https:\/\/www.gatineaugolf.com\/fr\/tournois\/\" target=\"_self\"><span>Tournois<\/span><\/a>\n                                                  <img decoding=\"async\" src=\"https:\/\/www.gatineaugolf.com\/wp-content\/uploads\/2025\/07\/IVL0893-scaled-e1752526127895.jpeg\" class=\"callout-image\">\n                                <div class=\"callout-content\">\n                                  <h3>Tournois de golf<\/h3>\n                                                  <p>Organisez votre prochain tournoi avec nous ! Nous vous aiderons \u00e0 planifier un \u00e9v\u00e9nement personnalis\u00e9, qu&rsquo;il soit d&rsquo;entreprise, familial ou caritatif, quel que soit le niveau de comp\u00e9tence.<\/p>\n                                                \t<a class=\"arrow-button\" href=\"https:\/\/www.gatineaugolf.com\/fr\/tournois\/\" target=\"_self\">Tournois<img decoding=\"async\" src=\"https:\/\/www.gatineaugolf.com\/wp-content\/themes\/gatineaugolf\/img\/button-arrow-gold.svg\"><\/a>\n                                <\/div>\n                <\/div>\n              <\/div>\n                            <div class=\"cell medium-6 large-3 reveal-stagger\">\n                <div class=\"callout-inner\">\n                                  \t<a class=\"callout-link\" href=\"https:\/\/www.gatineaugolf.com\/fr\/contact\/\" target=\"_self\"><span>Contact<\/span><\/a>\n                                                  <img decoding=\"async\" src=\"https:\/\/www.gatineaugolf.com\/wp-content\/uploads\/2025\/07\/golfwebimg-1-6-scaled-e1752526054459.jpg\" class=\"callout-image\">\n                                <div class=\"callout-content\">\n                                  <h3>R\u00e9unions et \u00e9v\u00e9nements<\/h3>\n                                                  <p>Que ce soit pour 10 ou 200 personnes, laissez-nous \u00eatre votre partenaire pour un \u00e9v\u00e9nement parfait. Nous travaillerons avec vous pour atteindre les objectifs de votre \u00e9v\u00e9nement.<\/p>\n                                                \t<a class=\"arrow-button\" href=\"https:\/\/www.gatineaugolf.com\/fr\/contact\/\" target=\"_self\">Contact<img decoding=\"async\" src=\"https:\/\/www.gatineaugolf.com\/wp-content\/themes\/gatineaugolf\/img\/button-arrow-gold.svg\"><\/a>\n                                <\/div>\n                <\/div>\n              <\/div>\n                            <div class=\"cell medium-6 large-3 reveal-stagger\">\n                <div class=\"callout-inner\">\n                                  \t<a class=\"callout-link\" href=\"https:\/\/www.gatineaugolf.com\/fr\/bistro19\/\" target=\"_self\"><span>Apprendre encore plus<\/span><\/a>\n                                                  <img decoding=\"async\" src=\"https:\/\/www.gatineaugolf.com\/wp-content\/uploads\/2025\/07\/golfwebimg-1-5.jpg\" class=\"callout-image\">\n                                <div class=\"callout-content\">\n                                  <h3>Bistro 19<\/h3>\n                                                  <p>Laissez-vous tenter par notre d\u00e9licieux menu au Bistro 19, o\u00f9 la bonne cuisine rencontre des vues panoramiques. Qu&rsquo;il s&rsquo;agisse de bouch\u00e9es apr\u00e8s une partie ou de d\u00eeners au coucher du soleil, votre table vous attend.<\/p>\n                                                \t<a class=\"arrow-button\" href=\"https:\/\/www.gatineaugolf.com\/fr\/bistro19\/\" target=\"_self\">Apprendre encore plus<img decoding=\"async\" src=\"https:\/\/www.gatineaugolf.com\/wp-content\/themes\/gatineaugolf\/img\/button-arrow-gold.svg\"><\/a>\n                                <\/div>\n                <\/div>\n              <\/div>\n                        <\/div>\n            <\/div>\n<\/section>\n\n\n\n<p><\/p>\n","protected":false},"excerpt":{"rendered":"","protected":false},"author":3,"featured_media":0,"parent":0,"menu_order":0,"comment_status":"closed","ping_status":"closed","template":"","meta":{"_acf_changed":false,"footnotes":""},"class_list":["post-240","page","type-page","status-publish","hentry"],"acf":[],"yoast_head":"<!-- This site is optimized with the Yoast SEO plugin v27.4 - https:\/\/yoast.com\/product\/yoast-seo-wordpress\/ -->\n<title>Gatineau Golf<\/title>\n<meta name=\"robots\" content=\"index, follow, max-snippet:-1, max-image-preview:large, max-video-preview:-1\" \/>\n<link rel=\"canonical\" href=\"https:\/\/www.gatineaugolf.com\/fr\/\" \/>\n<meta property=\"og:locale\" content=\"fr_FR\" \/>\n<meta property=\"og:type\" content=\"article\" \/>\n<meta property=\"og:url\" content=\"https:\/\/www.gatineaugolf.com\/fr\/\" \/>\n<meta property=\"og:site_name\" content=\"Gatineau Golf\" \/>\n<meta property=\"article:modified_time\" content=\"2025-10-28T20:23:17+00:00\" \/>\n<meta name=\"twitter:card\" content=\"summary_large_image\" \/>\n<script type=\"application\/ld+json\" class=\"yoast-schema-graph\">{\"@context\":\"https:\\\/\\\/schema.org\",\"@graph\":[{\"@type\":\"WebPage\",\"@id\":\"https:\\\/\\\/www.gatineaugolf.com\\\/fr\\\/\",\"url\":\"https:\\\/\\\/www.gatineaugolf.com\\\/fr\\\/\",\"name\":\"\",\"isPartOf\":{\"@id\":\"https:\\\/\\\/www.gatineaugolf.com\\\/#website\"},\"datePublished\":\"2025-02-10T16:33:39+00:00\",\"dateModified\":\"2025-10-28T20:23:17+00:00\",\"breadcrumb\":{\"@id\":\"https:\\\/\\\/www.gatineaugolf.com\\\/fr\\\/#breadcrumb\"},\"inLanguage\":\"fr-FR\",\"potentialAction\":[{\"@type\":\"ReadAction\",\"target\":[\"https:\\\/\\\/www.gatineaugolf.com\\\/fr\\\/\"]}]},{\"@type\":\"BreadcrumbList\",\"@id\":\"https:\\\/\\\/www.gatineaugolf.com\\\/fr\\\/#breadcrumb\",\"itemListElement\":[{\"@type\":\"ListItem\",\"position\":1,\"name\":\"Home\",\"item\":\"https:\\\/\\\/www.gatineaugolf.com\\\/fr\\\/\"},{\"@type\":\"ListItem\",\"position\":2,\"name\":\"Page d&#8217;accueil\"}]},{\"@type\":\"WebSite\",\"@id\":\"https:\\\/\\\/www.gatineaugolf.com\\\/#website\",\"url\":\"https:\\\/\\\/www.gatineaugolf.com\\\/\",\"name\":\"Gatineau Golf\",\"description\":\"\",\"potentialAction\":[{\"@type\":\"SearchAction\",\"target\":{\"@type\":\"EntryPoint\",\"urlTemplate\":\"https:\\\/\\\/www.gatineaugolf.com\\\/?s={search_term_string}\"},\"query-input\":{\"@type\":\"PropertyValueSpecification\",\"valueRequired\":true,\"valueName\":\"search_term_string\"}}],\"inLanguage\":\"fr-FR\"}]}<\/script>\n<!-- \/ Yoast SEO plugin. -->","yoast_head_json":{"title":"Gatineau Golf","robots":{"index":"index","follow":"follow","max-snippet":"max-snippet:-1","max-image-preview":"max-image-preview:large","max-video-preview":"max-video-preview:-1"},"canonical":"https:\/\/www.gatineaugolf.com\/fr\/","og_locale":"fr_FR","og_type":"article","og_url":"https:\/\/www.gatineaugolf.com\/fr\/","og_site_name":"Gatineau Golf","article_modified_time":"2025-10-28T20:23:17+00:00","twitter_card":"summary_large_image","schema":{"@context":"https:\/\/schema.org","@graph":[{"@type":"WebPage","@id":"https:\/\/www.gatineaugolf.com\/fr\/","url":"https:\/\/www.gatineaugolf.com\/fr\/","name":"","isPartOf":{"@id":"https:\/\/www.gatineaugolf.com\/#website"},"datePublished":"2025-02-10T16:33:39+00:00","dateModified":"2025-10-28T20:23:17+00:00","breadcrumb":{"@id":"https:\/\/www.gatineaugolf.com\/fr\/#breadcrumb"},"inLanguage":"fr-FR","potentialAction":[{"@type":"ReadAction","target":["https:\/\/www.gatineaugolf.com\/fr\/"]}]},{"@type":"BreadcrumbList","@id":"https:\/\/www.gatineaugolf.com\/fr\/#breadcrumb","itemListElement":[{"@type":"ListItem","position":1,"name":"Home","item":"https:\/\/www.gatineaugolf.com\/fr\/"},{"@type":"ListItem","position":2,"name":"Page d&#8217;accueil"}]},{"@type":"WebSite","@id":"https:\/\/www.gatineaugolf.com\/#website","url":"https:\/\/www.gatineaugolf.com\/","name":"Gatineau Golf","description":"","potentialAction":[{"@type":"SearchAction","target":{"@type":"EntryPoint","urlTemplate":"https:\/\/www.gatineaugolf.com\/?s={search_term_string}"},"query-input":{"@type":"PropertyValueSpecification","valueRequired":true,"valueName":"search_term_string"}}],"inLanguage":"fr-FR"}]}},"_links":{"self":[{"href":"https:\/\/www.gatineaugolf.com\/fr\/wp-json\/wp\/v2\/pages\/240","targetHints":{"allow":["GET"]}}],"collection":[{"href":"https:\/\/www.gatineaugolf.com\/fr\/wp-json\/wp\/v2\/pages"}],"about":[{"href":"https:\/\/www.gatineaugolf.com\/fr\/wp-json\/wp\/v2\/types\/page"}],"author":[{"embeddable":true,"href":"https:\/\/www.gatineaugolf.com\/fr\/wp-json\/wp\/v2\/users\/3"}],"replies":[{"embeddable":true,"href":"https:\/\/www.gatineaugolf.com\/fr\/wp-json\/wp\/v2\/comments?post=240"}],"version-history":[{"count":6,"href":"https:\/\/www.gatineaugolf.com\/fr\/wp-json\/wp\/v2\/pages\/240\/revisions"}],"predecessor-version":[{"id":1756,"href":"https:\/\/www.gatineaugolf.com\/fr\/wp-json\/wp\/v2\/pages\/240\/revisions\/1756"}],"wp:attachment":[{"href":"https:\/\/www.gatineaugolf.com\/fr\/wp-json\/wp\/v2\/media?parent=240"}],"curies":[{"name":"wp","href":"https:\/\/api.w.org\/{rel}","templated":true}]}}