{"id":1717,"date":"2025-02-13T13:44:13","date_gmt":"2025-02-13T18:44:13","guid":{"rendered":"https:\/\/www.gatineaugolf.com\/bistro19\/"},"modified":"2025-10-28T16:04:44","modified_gmt":"2025-10-28T20:04:44","slug":"bistro19","status":"publish","type":"page","link":"https:\/\/www.gatineaugolf.com\/fr\/bistro19\/","title":{"rendered":"Bistro19"},"content":{"rendered":"\n<section class=\"section section--bistro alignfull\" >\n  <div class=\"parallax-bg\" style=\"background-image: url(https:\/\/www.gatineaugolf.com\/wp-content\/uploads\/2025\/02\/pexels-recalmedia-97815.jpg); background-size: cover; background-position: 50% 40%; background-repeat:no-repeat;\"><\/div>\n  <div class=\"grid-container\">\n          <img decoding=\"async\" src=\"https:\/\/www.gatineaugolf.com\/wp-content\/uploads\/2025\/02\/blogo.svg\" alt=\"\" class=\"bistro-logo reveal-stagger\">\n        <div class=\"bistro-content reveal-stagger\">\n      <h4>HEURES<\/h4>\n<p>12:00 &#8211; 21:00<\/p>\n<h4>R\u00c9SERVATIONS<\/h4>\n<p>Appelez le 819-557-4411<\/p>\n<p>Courriel : <a href=\"mailto:reservations@gatineaugolf.com\">reservations@gatineaugolf.com<\/a><\/p>\n<p>Notre menu est inspir\u00e9 par notre chef et dict\u00e9 par la disponibilit\u00e9 et la qualit\u00e9 des ingr\u00e9dients frais. Savourez chaque cr\u00e9ation que nous r\u00e9alisons avec de la viande et des l\u00e9gumes de saison. Notre terrasse couverte offre une vue imprenable sur le parcours de golf qui prolonge le restaurant \u00e0 l&rsquo;ext\u00e9rieur vers une belle vue. Profitez du paysage avec un bar enti\u00e8rement sous licence, de la bi\u00e8re pression et des vins s\u00e9lectionn\u00e9s.<\/p>\n              <a href=\"https:\/\/www.gatineaugolf.com\/wp-content\/uploads\/2025\/09\/Web-Limited-Bistro-EN.pdf\" target=\"_blank\" class=\"button\">Consultez notre menu<\/a>\n          <\/div>\n    <div class=\"bistro-cards reveal-stagger\">\n              <p>Nous acceptons les cartes de cr\u00e9dit et de d\u00e9bit ci-dessous.<\/p>\n            <ul class=\"cards-list\">\n                              <\/ul>\n    <\/div>\n  <\/div>\n  <div class=\"parallax-bg\" style=\"background-image: url(https:\/\/www.gatineaugolf.com\/wp-content\/uploads\/2025\/08\/13C9140.jpg); background-size: cover; background-position: 50% 40%; background-repeat:no-repeat;\"><\/div>\n<\/section>\n","protected":false},"excerpt":{"rendered":"","protected":false},"author":4,"featured_media":0,"parent":0,"menu_order":0,"comment_status":"closed","ping_status":"closed","template":"","meta":{"_acf_changed":false,"footnotes":""},"class_list":["post-1717","page","type-page","status-publish","hentry"],"acf":[],"yoast_head":"<!-- This site is optimized with the Yoast SEO plugin v27.4 - https:\/\/yoast.com\/product\/yoast-seo-wordpress\/ -->\n<title>Bistro19 - Gatineau Golf<\/title>\n<meta name=\"robots\" content=\"index, follow, max-snippet:-1, max-image-preview:large, max-video-preview:-1\" \/>\n<link rel=\"canonical\" href=\"https:\/\/www.gatineaugolf.com\/fr\/bistro19\/\" \/>\n<meta property=\"og:locale\" content=\"fr_FR\" \/>\n<meta property=\"og:type\" content=\"article\" \/>\n<meta property=\"og:title\" content=\"Bistro19 - Gatineau Golf\" \/>\n<meta property=\"og:url\" content=\"https:\/\/www.gatineaugolf.com\/fr\/bistro19\/\" \/>\n<meta property=\"og:site_name\" content=\"Gatineau Golf\" \/>\n<meta property=\"article:modified_time\" content=\"2025-10-28T20:04:44+00:00\" \/>\n<meta name=\"twitter:card\" content=\"summary_large_image\" \/>\n<script type=\"application\/ld+json\" class=\"yoast-schema-graph\">{\"@context\":\"https:\\\/\\\/schema.org\",\"@graph\":[{\"@type\":\"WebPage\",\"@id\":\"https:\\\/\\\/www.gatineaugolf.com\\\/fr\\\/bistro19\\\/\",\"url\":\"https:\\\/\\\/www.gatineaugolf.com\\\/fr\\\/bistro19\\\/\",\"name\":\"Bistro19 - Gatineau Golf\",\"isPartOf\":{\"@id\":\"https:\\\/\\\/www.gatineaugolf.com\\\/#website\"},\"datePublished\":\"2025-02-13T18:44:13+00:00\",\"dateModified\":\"2025-10-28T20:04:44+00:00\",\"breadcrumb\":{\"@id\":\"https:\\\/\\\/www.gatineaugolf.com\\\/fr\\\/bistro19\\\/#breadcrumb\"},\"inLanguage\":\"fr-FR\",\"potentialAction\":[{\"@type\":\"ReadAction\",\"target\":[\"https:\\\/\\\/www.gatineaugolf.com\\\/fr\\\/bistro19\\\/\"]}]},{\"@type\":\"BreadcrumbList\",\"@id\":\"https:\\\/\\\/www.gatineaugolf.com\\\/fr\\\/bistro19\\\/#breadcrumb\",\"itemListElement\":[{\"@type\":\"ListItem\",\"position\":1,\"name\":\"Home\",\"item\":\"https:\\\/\\\/www.gatineaugolf.com\\\/fr\\\/\"},{\"@type\":\"ListItem\",\"position\":2,\"name\":\"Bistro19\"}]},{\"@type\":\"WebSite\",\"@id\":\"https:\\\/\\\/www.gatineaugolf.com\\\/#website\",\"url\":\"https:\\\/\\\/www.gatineaugolf.com\\\/\",\"name\":\"Gatineau Golf\",\"description\":\"\",\"potentialAction\":[{\"@type\":\"SearchAction\",\"target\":{\"@type\":\"EntryPoint\",\"urlTemplate\":\"https:\\\/\\\/www.gatineaugolf.com\\\/?s={search_term_string}\"},\"query-input\":{\"@type\":\"PropertyValueSpecification\",\"valueRequired\":true,\"valueName\":\"search_term_string\"}}],\"inLanguage\":\"fr-FR\"}]}<\/script>\n<!-- \/ Yoast SEO plugin. -->","yoast_head_json":{"title":"Bistro19 - Gatineau Golf","robots":{"index":"index","follow":"follow","max-snippet":"max-snippet:-1","max-image-preview":"max-image-preview:large","max-video-preview":"max-video-preview:-1"},"canonical":"https:\/\/www.gatineaugolf.com\/fr\/bistro19\/","og_locale":"fr_FR","og_type":"article","og_title":"Bistro19 - Gatineau Golf","og_url":"https:\/\/www.gatineaugolf.com\/fr\/bistro19\/","og_site_name":"Gatineau Golf","article_modified_time":"2025-10-28T20:04:44+00:00","twitter_card":"summary_large_image","schema":{"@context":"https:\/\/schema.org","@graph":[{"@type":"WebPage","@id":"https:\/\/www.gatineaugolf.com\/fr\/bistro19\/","url":"https:\/\/www.gatineaugolf.com\/fr\/bistro19\/","name":"Bistro19 - Gatineau Golf","isPartOf":{"@id":"https:\/\/www.gatineaugolf.com\/#website"},"datePublished":"2025-02-13T18:44:13+00:00","dateModified":"2025-10-28T20:04:44+00:00","breadcrumb":{"@id":"https:\/\/www.gatineaugolf.com\/fr\/bistro19\/#breadcrumb"},"inLanguage":"fr-FR","potentialAction":[{"@type":"ReadAction","target":["https:\/\/www.gatineaugolf.com\/fr\/bistro19\/"]}]},{"@type":"BreadcrumbList","@id":"https:\/\/www.gatineaugolf.com\/fr\/bistro19\/#breadcrumb","itemListElement":[{"@type":"ListItem","position":1,"name":"Home","item":"https:\/\/www.gatineaugolf.com\/fr\/"},{"@type":"ListItem","position":2,"name":"Bistro19"}]},{"@type":"WebSite","@id":"https:\/\/www.gatineaugolf.com\/#website","url":"https:\/\/www.gatineaugolf.com\/","name":"Gatineau Golf","description":"","potentialAction":[{"@type":"SearchAction","target":{"@type":"EntryPoint","urlTemplate":"https:\/\/www.gatineaugolf.com\/?s={search_term_string}"},"query-input":{"@type":"PropertyValueSpecification","valueRequired":true,"valueName":"search_term_string"}}],"inLanguage":"fr-FR"}]}},"_links":{"self":[{"href":"https:\/\/www.gatineaugolf.com\/fr\/wp-json\/wp\/v2\/pages\/1717","targetHints":{"allow":["GET"]}}],"collection":[{"href":"https:\/\/www.gatineaugolf.com\/fr\/wp-json\/wp\/v2\/pages"}],"about":[{"href":"https:\/\/www.gatineaugolf.com\/fr\/wp-json\/wp\/v2\/types\/page"}],"author":[{"embeddable":true,"href":"https:\/\/www.gatineaugolf.com\/fr\/wp-json\/wp\/v2\/users\/4"}],"replies":[{"embeddable":true,"href":"https:\/\/www.gatineaugolf.com\/fr\/wp-json\/wp\/v2\/comments?post=1717"}],"version-history":[{"count":1,"href":"https:\/\/www.gatineaugolf.com\/fr\/wp-json\/wp\/v2\/pages\/1717\/revisions"}],"predecessor-version":[{"id":1718,"href":"https:\/\/www.gatineaugolf.com\/fr\/wp-json\/wp\/v2\/pages\/1717\/revisions\/1718"}],"wp:attachment":[{"href":"https:\/\/www.gatineaugolf.com\/fr\/wp-json\/wp\/v2\/media?parent=1717"}],"curies":[{"name":"wp","href":"https:\/\/api.w.org\/{rel}","templated":true}]}}